{"id":3386,"date":"2019-11-06T12:05:07","date_gmt":"2019-11-06T12:05:07","guid":{"rendered":"http:\/\/argentinameatcompany.com\/?page_id=3386"},"modified":"2024-12-19T07:55:57","modified_gmt":"2024-12-19T07:55:57","slug":"privacy-policy-2","status":"publish","type":"page","link":"https:\/\/muppiefood.com\/es\/privacy-policy-2\/","title":{"rendered":"Pol\u00edtica de privacidad"},"content":{"rendered":"<div data-elementor-type=\"wp-page\" data-elementor-id=\"3386\" class=\"elementor elementor-3386\">\n\t\t\t\t\t\t<section class=\"elementor-section elementor-top-section elementor-element elementor-element-b02e772 elementor-section-boxed elementor-section-height-default elementor-section-height-default\" data-id=\"b02e772\" data-element_type=\"section\" data-e-type=\"section\">\n\t\t\t\t\t\t<div class=\"elementor-container elementor-column-gap-default\">\n\t\t\t\t\t<div class=\"elementor-column elementor-col-100 elementor-top-column elementor-element elementor-element-e8df352\" data-id=\"e8df352\" data-element_type=\"column\" data-e-type=\"column\">\n\t\t\t<div class=\"elementor-widget-wrap elementor-element-populated\">\n\t\t\t\t\t\t<div class=\"elementor-element elementor-element-f87f7f4 elementor-widget elementor-widget-text-editor\" data-id=\"f87f7f4\" data-element_type=\"widget\" data-e-type=\"widget\" data-widget_type=\"text-editor.default\">\n\t\t\t\t<div class=\"elementor-widget-container\">\n\t\t\t\t\t\t\t\t\t<p>Esta declaraci\u00f3n de privacidad se aplica a todos los datos personales que MuppieFood procesa para todos sus afiliados (como clientes y proveedores). Si usted proporciona un encargo u otros datos personales, da su permiso expl\u00edcito para procesar sus datos personales. Le aconsejamos que tenga en cuenta lo siguiente:<\/p><p><strong>RESPONSABLE<\/strong><\/p><p>El responsable del tratamiento de los datos personales es el director de ARGENTINA MEAT COMPANY B.V., con domicilio en Platinaweg 25, 2544EZ La Haya, en los Pa\u00edses Bajos, accesible a trav\u00e9s del n\u00famero de tel\u00e9fono +31 6 8284 0135 o de la direcci\u00f3n de correo electr\u00f3nico info@muppiefood.com.<\/p><p><strong>PROCESAMIENTO<\/strong><\/p><p>MuppieFood puede procesar uno o m\u00e1s de los siguientes datos en el contexto de un pedido o de otro modo. Se trata de:<\/p><ul><li>Nombre y apellidos<\/li><li>Sexo<\/li><li>(Direcci\u00f3n (postal)<\/li><li>n\u00fameros de tel\u00e9fono)<\/li><li>datos de correo electr\u00f3nico<\/li><li>N\u00famero de cuenta bancaria<\/li><\/ul><p>Por supuesto, tambi\u00e9n es posible que haya otros datos personales que puedan ser importantes para la realizaci\u00f3n del trabajo para el que se ha emitido un pedido.<\/p><p><strong>DESTINATARIOS<\/strong><\/p><p>El objetivo es siempre llevar a cabo el pedido u otro acuerdo que se ha hecho entre la relaci\u00f3n \/ cliente y MuppieFood en buen orden.<\/p><p>Otra finalidad puede ser la recepci\u00f3n de un bolet\u00edn informativo emitido por MuppieFood al que el interesado se ha inscrito y del que siempre puede darse de baja. Por \u00faltimo, es posible que se contacte directamente con los clientes para un asesoramiento individual. Los datos no se utilizar\u00e1n para fines distintos de los acordados. Los datos nunca se revender\u00e1n ni se transmitir\u00e1n a terceros sin el consentimiento expreso del interesado. Los datos pueden ser utilizados por otros empleados de MuppieFood.<\/p><p><strong>RESCISI\u00d3N Y RETIRADA<\/strong><\/p><p>El interesado puede solicitar en todo momento la supresi\u00f3n de sus datos. Para ello, puede presentar una solicitud por escrito por correo o por correo electr\u00f3nico, dirigida a MuppieFood con la informaci\u00f3n anterior.<\/p><p><strong>CONDICIONES DE ALMACENAMIENTO<\/strong><\/p><p>MuppieFood almacena los datos personales durante 12 meses, ya que la informaci\u00f3n tambi\u00e9n puede ser importante a largo plazo. El interesado podr\u00e1 en todo momento presentar una solicitud por escrito para que los datos se almacenen durante un per\u00edodo m\u00e1s breve. En ese caso, se redactar\u00e1 una declaraci\u00f3n en la que se especificar\u00e1 el periodo expl\u00edcito. Esta declaraci\u00f3n ser\u00e1 firmada por el responsable y el interesado.<\/p><p><strong>SEGURIDAD<\/strong><\/p><p>Para proteger los datos personales, MuppieFood aplica una pol\u00edtica de seguridad estricta y rigurosa, como actualizaciones, contrase\u00f1as personales, programas de seguridad, autenticaci\u00f3n en dos fases, concienciaci\u00f3n, alerta ante el phishing y otros delitos inform\u00e1ticos.<\/p><p><strong>VER, ELIMINAR, TRANSFERIR, QUEJAS Y PREGUNTAS<\/strong><\/p><p>A trav\u00e9s de la direcci\u00f3n de correo electr\u00f3nico info@muppiefood.com se puede solicitar la consulta, recepci\u00f3n, modificaci\u00f3n o eliminaci\u00f3n de los datos personales. Si se desea oponerse al tratamiento de los datos personales, puede dirigirse en todo momento a MuppieFood. Se puede presentar una reclamaci\u00f3n a trav\u00e9s de info@muppiefood.com. Todas las dem\u00e1s preguntas y explicaciones que se deseen tambi\u00e9n pueden enviarse a esta direcci\u00f3n de correo electr\u00f3nico. Las solicitudes mencionadas se tramitar\u00e1n en un plazo razonable, pero como m\u00e1ximo en el plazo de 1 mes. Si por cualquier motivo este plazo no fuera factible, se informar\u00e1 de ello a tiempo al interesado y la tramitaci\u00f3n se llevar\u00e1 a cabo en un plazo de 3 meses a partir de la recepci\u00f3n de la solicitud.<\/p><p><strong>ENMIENDAS<\/strong><\/p><p>Es posible que esta declaraci\u00f3n de privacidad sea modificada. La versi\u00f3n m\u00e1s reciente puede consultarse siempre en nuestro sitio web www.muppiefood.com.<\/p><p><strong>CONFLICTO<\/strong><\/p><p>En caso de conflicto entre una traducci\u00f3n y la versi\u00f3n neerlandesa de la declaraci\u00f3n de privacidad, prevalecer\u00e1 la versi\u00f3n neerlandesa.<\/p>\t\t\t\t\t\t\t\t<\/div>\n\t\t\t\t<\/div>\n\t\t\t\t\t<\/div>\n\t\t<\/div>\n\t\t\t\t\t<\/div>\n\t\t<\/section>\n\t\t\t\t<\/div>","protected":false},"excerpt":{"rendered":"<p>This privacy statement applies to all personal data that MuppieFood processes for all its affiliates (such as clients and suppliers). If you provide an assignment or other personal data, you give explicit permission to process your personal data. Our advice to you is to take note of the following: RESPONSIBLE The person responsible for processing [&hellip;]<\/p>\n","protected":false},"author":1,"featured_media":0,"parent":0,"menu_order":0,"comment_status":"closed","ping_status":"closed","template":"","meta":{"_acf_changed":false,"footnotes":""},"class_list":["post-3386","page","type-page","status-publish","hentry"],"acf":[],"aioseo_notices":[],"_links":{"self":[{"href":"https:\/\/muppiefood.com\/es\/wp-json\/wp\/v2\/pages\/3386","targetHints":{"allow":["GET"]}}],"collection":[{"href":"https:\/\/muppiefood.com\/es\/wp-json\/wp\/v2\/pages"}],"about":[{"href":"https:\/\/muppiefood.com\/es\/wp-json\/wp\/v2\/types\/page"}],"author":[{"embeddable":true,"href":"https:\/\/muppiefood.com\/es\/wp-json\/wp\/v2\/users\/1"}],"replies":[{"embeddable":true,"href":"https:\/\/muppiefood.com\/es\/wp-json\/wp\/v2\/comments?post=3386"}],"version-history":[{"count":9,"href":"https:\/\/muppiefood.com\/es\/wp-json\/wp\/v2\/pages\/3386\/revisions"}],"predecessor-version":[{"id":12772,"href":"https:\/\/muppiefood.com\/es\/wp-json\/wp\/v2\/pages\/3386\/revisions\/12772"}],"wp:attachment":[{"href":"https:\/\/muppiefood.com\/es\/wp-json\/wp\/v2\/media?parent=3386"}],"curies":[{"name":"wp","href":"https:\/\/api.w.org\/{rel}","templated":true}]}}